{"id":1745,"date":"2015-10-31T15:33:10","date_gmt":"2015-10-31T15:33:10","guid":{"rendered":"http:\/\/www.wening-fotografie.de\/cms\/?page_id=1745"},"modified":"2018-05-19T20:08:41","modified_gmt":"2018-05-19T20:08:41","slug":"impressum","status":"publish","type":"page","link":"https:\/\/www.wening-fotografie.de\/cms\/impressum\/","title":{"rendered":"impressum"},"content":{"rendered":"<h5>Anschrift<\/h5>\n<p>andreas wening-fotografie<br \/>\nandreas wening | Hochstift-Freising-Platz 13d | 82205 Gilching<br \/>\nphone: +49\u00a08105 399 2150 | email: <a href=\"mailto:info@wening-fotografie.de\">info@wening-fotografie.de<\/a><\/p>\n<h5>Inhaber:<\/h5>\n<p>Andreas Wening<br \/>\nSteur-Nr.: 161\/287\/00165<br \/>\nUSt.-IDNr.: DE 165491167<\/p>\n<h3>Urheberrecht:<\/h3>\n<p style=\"text-align: justify;\">Alle Seiten und Inhalte von www.wening-fotografie.de sind urheberrechtlich gesch\u00fctzt. Eine Vervielf\u00e4ltigung, Ver\u00f6ffentlichung oder Verarbeitung der Inhalte in jeglicher Form bedarf der ausdr\u00fccklichen Zustimmung durch den Inhaber.<\/p>\n<h3><strong>Haftungsausschluss f\u00fcr Inhalten Dritter<\/strong><\/h3>\n<p>Wir haben in unserem Internetangebot Inhalte Dritter, wie zum Beispiel Videos von Vimeo, Kartenmaterial von Google-Maps, RSS-Feeds oder Grafiken von anderen Webseiten eingebunden. Sofern Sie auf eine der Seiten klicken, auf denen diese Inhalte eingebunden sind, wird der jeweilige Anbieter dieser Inhalte (\u201eDritt-Anbieter\u201c) Ihre IP-Adresse wahrnehmen, da ohne Ihre IP-Adresse die Inhalte nicht an den von Ihnen verwendeten Browser gesendet werden k\u00f6nnen. Die IP-Adresse ist damit f\u00fcr die Darstellung dieser Inhalte erforderlich. Wir bem\u00fchen uns, nur solche Inhalte zu verwenden, deren jeweilige Dritt-Anbieter die IP-Adresse lediglich zur Auslieferung der Inhalte verwenden. Jedoch haben wir keinen Einfluss darauf, falls die Dritt-Anbieter die IP-Adresse z.B. f\u00fcr statistische Zwecke speichern. Soweit dies uns bekannt ist, kl\u00e4ren wir Sie hier\u00fcber auf.<\/p>\n<div class=\"tabelle\">\n<div class=\"zeile\">\n<div class=\"zelle grid_5 ohne\">\n<div class=\"grid_3 first\">\n<h3>Datenschutzerkl\u00e4rung (DS-GVO)<\/h3>\n<\/div>\n<\/div>\n<\/div>\n<\/div>\n<p>Mit Ihrem Besuch auf unserem Internetangebot k\u00f6nnen Informationen \u00fcber den Zugriff auf unserem Server gespeichert werden (Beispiele: Datum und Uhrzeit des Zugriffs, Name Ihres Internetproviders, Art Ihres Internet-Browsers, besuchte Seiten innerhalb unserer Internetpr\u00e4senz). Diese Daten sind jedoch anonymisiert und werden von uns ausschlie\u00dflich zu statistischen Zwecken und zur Verbesserung unseres Angebotes ausgewertet.<\/p>\n<p><strong>Cookies<\/strong><br \/>\nBei Cookies handelt es sich um kleine Textdateien, die auf Ihrem Computersystem abgelegt werden. Diese dienen dazu, unser Internetangebot nutzerfreundlicher, effektiver und sicherer zu machen. Mit den Cookies k\u00f6nnen wir zudem die H\u00e4ufigkeit von Seitenaufrufen und die allgemeine Navigation messen. Die meisten der auf Ihr Computersystem \u00fcberspielten Cookies werden nach Ihrem Besuch automatisch wieder von Ihrer Festplatte gel\u00f6scht. Andere Cookies verbleiben auf Ihrem Computersystem und erm\u00f6glichen es uns, Ihr Computersystem bei Ihrem n\u00e4chsten Besuch wieder zu erkennen. Sofern Sie dies nicht w\u00fcnschen, k\u00f6nnen Sie den Einsatz dieser Cookies jederzeit \u00fcber die Einstellungen Ihres Browser verhindern.<\/p>\n<p><strong>Newsletter<br \/>\n<\/strong>Haben Sie sich f\u00fcr unseren Newsletter eingetragen so speichern wir Ihren Namen und Ihre Email Adresse um Ihnen aktuelle\u00a0 Informationen zu senden. Eine weitere Verwendung dieser Daten findet nicht statt. Sie haben jederzeit die M\u00f6glichkeit sich selbst auszutragen oder sich austragen zu lassen. In diesem Fall werden diese Daten vollst\u00e4ndig gel\u00f6scht.<\/p>\n<p><strong>Auskunftsanspruch<\/strong><br \/>\nSie haben einen Anspruch auf unentgeltliche Auskunft \u00fcber Ihre bei uns gespeicherten personenbezogenen Daten und ggf. ein Recht auf Berichtigung, Sperrung oder L\u00f6schung dieser Daten. Wenn Sie Einwilligungen zum Speichern und Verarbeiten Ihrer Daten gegeben haben, k\u00f6nnen Sie Ihre Einwilligung jederzeit mit Wirkung f\u00fcr die Zukunft widerrufen. Dazu verwenden Sie bitte die oben im Impressum aufgef\u00fchrten Kontaktm\u00f6glichkeiten.<\/p>\n","protected":false},"excerpt":{"rendered":"<p>Anschrift andreas wening-fotografie andreas wening | Hochstift-Freising-Platz 13d | 82205 Gilching phone: +49\u00a08105 399 2150 | email: info@wening-fotografie.de Inhaber: Andreas Wening Steur-Nr.: 161\/287\/00165 USt.-IDNr.: DE 165491167 Urheberrecht: Alle Seiten und Inhalte von www.wening-fotografie.de sind urheberrechtlich gesch\u00fctzt. Eine Vervielf\u00e4ltigung, Ver\u00f6ffentlichung oder Verarbeitung der Inhalte in jeglicher Form bedarf der ausdr\u00fccklichen Zustimmung durch den Inhaber. Haftungsausschluss f\u00fcr [&hellip;]<\/p>\n","protected":false},"author":2,"featured_media":0,"parent":0,"menu_order":0,"comment_status":"closed","ping_status":"closed","template":"","meta":{"footnotes":""},"class_list":["post-1745","page","type-page","status-publish","hentry"],"yoast_head":"<!-- This site is optimized with the Yoast SEO plugin v27.1.1 - https:\/\/yoast.com\/product\/yoast-seo-wordpress\/ -->\n<title>impressum - andreas wening fotografie<\/title>\n<meta name=\"description\" content=\"Hochzeitsfotograf in M\u00fcnchen Starnberg Germering Gilching F\u00fcrstenfeldbruck\" \/>\n<meta name=\"robots\" content=\"index, follow, max-snippet:-1, max-image-preview:large, max-video-preview:-1\" \/>\n<link rel=\"canonical\" href=\"https:\/\/www.wening-fotografie.de\/cms\/impressum\/\" \/>\n<meta property=\"og:locale\" content=\"en_US\" \/>\n<meta property=\"og:type\" content=\"article\" \/>\n<meta property=\"og:title\" content=\"impressum - andreas wening fotografie\" \/>\n<meta property=\"og:description\" content=\"Hochzeitsfotograf in M\u00fcnchen Starnberg Germering Gilching F\u00fcrstenfeldbruck\" \/>\n<meta property=\"og:url\" content=\"https:\/\/www.wening-fotografie.de\/cms\/impressum\/\" \/>\n<meta property=\"og:site_name\" content=\"andreas wening fotografie\" \/>\n<meta property=\"article:publisher\" content=\"https:\/\/www.facebook.com\/weningfotografie\/\" \/>\n<meta property=\"article:modified_time\" content=\"2018-05-19T20:08:41+00:00\" \/>\n<meta property=\"og:image\" content=\"https:\/\/www.wening-fotografie.de\/cms\/wp-content\/uploads\/2015\/02\/slider_wedding_08.jpg\" \/>\n\t<meta property=\"og:image:width\" content=\"3779\" \/>\n\t<meta property=\"og:image:height\" content=\"1889\" \/>\n\t<meta property=\"og:image:type\" content=\"image\/jpeg\" \/>\n<meta name=\"twitter:label1\" content=\"Est. reading time\" \/>\n\t<meta name=\"twitter:data1\" content=\"2 minutes\" \/>\n<script type=\"application\/ld+json\" class=\"yoast-schema-graph\">{\"@context\":\"https:\/\/schema.org\",\"@graph\":[{\"@type\":\"WebPage\",\"@id\":\"https:\/\/www.wening-fotografie.de\/cms\/impressum\/\",\"url\":\"https:\/\/www.wening-fotografie.de\/cms\/impressum\/\",\"name\":\"impressum - andreas wening fotografie\",\"isPartOf\":{\"@id\":\"http:\/\/www.wening-fotografie.de\/cms\/#website\"},\"datePublished\":\"2015-10-31T15:33:10+00:00\",\"dateModified\":\"2018-05-19T20:08:41+00:00\",\"description\":\"Hochzeitsfotograf in M\u00fcnchen Starnberg Germering Gilching F\u00fcrstenfeldbruck\",\"breadcrumb\":{\"@id\":\"https:\/\/www.wening-fotografie.de\/cms\/impressum\/#breadcrumb\"},\"inLanguage\":\"en-US\",\"potentialAction\":[{\"@type\":\"ReadAction\",\"target\":[\"https:\/\/www.wening-fotografie.de\/cms\/impressum\/\"]}]},{\"@type\":\"BreadcrumbList\",\"@id\":\"https:\/\/www.wening-fotografie.de\/cms\/impressum\/#breadcrumb\",\"itemListElement\":[{\"@type\":\"ListItem\",\"position\":1,\"name\":\"Home\",\"item\":\"https:\/\/www.wening-fotografie.de\/cms\/home\/\"},{\"@type\":\"ListItem\",\"position\":2,\"name\":\"impressum\"}]},{\"@type\":\"WebSite\",\"@id\":\"http:\/\/www.wening-fotografie.de\/cms\/#website\",\"url\":\"http:\/\/www.wening-fotografie.de\/cms\/\",\"name\":\"andreas wening fotografie\",\"description\":\"wedding | portrait\",\"publisher\":{\"@id\":\"http:\/\/www.wening-fotografie.de\/cms\/#organization\"},\"potentialAction\":[{\"@type\":\"SearchAction\",\"target\":{\"@type\":\"EntryPoint\",\"urlTemplate\":\"http:\/\/www.wening-fotografie.de\/cms\/?s={search_term_string}\"},\"query-input\":{\"@type\":\"PropertyValueSpecification\",\"valueRequired\":true,\"valueName\":\"search_term_string\"}}],\"inLanguage\":\"en-US\"},{\"@type\":\"Organization\",\"@id\":\"http:\/\/www.wening-fotografie.de\/cms\/#organization\",\"name\":\"andreas wening fotografie\",\"url\":\"http:\/\/www.wening-fotografie.de\/cms\/\",\"logo\":{\"@type\":\"ImageObject\",\"inLanguage\":\"en-US\",\"@id\":\"http:\/\/www.wening-fotografie.de\/cms\/#\/schema\/logo\/image\/\",\"url\":\"http:\/\/www.wening-fotografie.de\/cms\/wp-content\/uploads\/2015\/10\/logo_fav_awf_120x120_red.png\",\"contentUrl\":\"http:\/\/www.wening-fotografie.de\/cms\/wp-content\/uploads\/2015\/10\/logo_fav_awf_120x120_red.png\",\"width\":120,\"height\":120,\"caption\":\"andreas wening fotografie\"},\"image\":{\"@id\":\"http:\/\/www.wening-fotografie.de\/cms\/#\/schema\/logo\/image\/\"},\"sameAs\":[\"https:\/\/www.facebook.com\/weningfotografie\/\"]}]}<\/script>\n<!-- \/ Yoast SEO plugin. -->","yoast_head_json":{"title":"impressum - andreas wening fotografie","description":"Hochzeitsfotograf in M\u00fcnchen Starnberg Germering Gilching F\u00fcrstenfeldbruck","robots":{"index":"index","follow":"follow","max-snippet":"max-snippet:-1","max-image-preview":"max-image-preview:large","max-video-preview":"max-video-preview:-1"},"canonical":"https:\/\/www.wening-fotografie.de\/cms\/impressum\/","og_locale":"en_US","og_type":"article","og_title":"impressum - andreas wening fotografie","og_description":"Hochzeitsfotograf in M\u00fcnchen Starnberg Germering Gilching F\u00fcrstenfeldbruck","og_url":"https:\/\/www.wening-fotografie.de\/cms\/impressum\/","og_site_name":"andreas wening fotografie","article_publisher":"https:\/\/www.facebook.com\/weningfotografie\/","article_modified_time":"2018-05-19T20:08:41+00:00","og_image":[{"width":3779,"height":1889,"url":"https:\/\/www.wening-fotografie.de\/cms\/wp-content\/uploads\/2015\/02\/slider_wedding_08.jpg","type":"image\/jpeg"}],"twitter_misc":{"Est. reading time":"2 minutes"},"schema":{"@context":"https:\/\/schema.org","@graph":[{"@type":"WebPage","@id":"https:\/\/www.wening-fotografie.de\/cms\/impressum\/","url":"https:\/\/www.wening-fotografie.de\/cms\/impressum\/","name":"impressum - andreas wening fotografie","isPartOf":{"@id":"http:\/\/www.wening-fotografie.de\/cms\/#website"},"datePublished":"2015-10-31T15:33:10+00:00","dateModified":"2018-05-19T20:08:41+00:00","description":"Hochzeitsfotograf in M\u00fcnchen Starnberg Germering Gilching F\u00fcrstenfeldbruck","breadcrumb":{"@id":"https:\/\/www.wening-fotografie.de\/cms\/impressum\/#breadcrumb"},"inLanguage":"en-US","potentialAction":[{"@type":"ReadAction","target":["https:\/\/www.wening-fotografie.de\/cms\/impressum\/"]}]},{"@type":"BreadcrumbList","@id":"https:\/\/www.wening-fotografie.de\/cms\/impressum\/#breadcrumb","itemListElement":[{"@type":"ListItem","position":1,"name":"Home","item":"https:\/\/www.wening-fotografie.de\/cms\/home\/"},{"@type":"ListItem","position":2,"name":"impressum"}]},{"@type":"WebSite","@id":"http:\/\/www.wening-fotografie.de\/cms\/#website","url":"http:\/\/www.wening-fotografie.de\/cms\/","name":"andreas wening fotografie","description":"wedding | portrait","publisher":{"@id":"http:\/\/www.wening-fotografie.de\/cms\/#organization"},"potentialAction":[{"@type":"SearchAction","target":{"@type":"EntryPoint","urlTemplate":"http:\/\/www.wening-fotografie.de\/cms\/?s={search_term_string}"},"query-input":{"@type":"PropertyValueSpecification","valueRequired":true,"valueName":"search_term_string"}}],"inLanguage":"en-US"},{"@type":"Organization","@id":"http:\/\/www.wening-fotografie.de\/cms\/#organization","name":"andreas wening fotografie","url":"http:\/\/www.wening-fotografie.de\/cms\/","logo":{"@type":"ImageObject","inLanguage":"en-US","@id":"http:\/\/www.wening-fotografie.de\/cms\/#\/schema\/logo\/image\/","url":"http:\/\/www.wening-fotografie.de\/cms\/wp-content\/uploads\/2015\/10\/logo_fav_awf_120x120_red.png","contentUrl":"http:\/\/www.wening-fotografie.de\/cms\/wp-content\/uploads\/2015\/10\/logo_fav_awf_120x120_red.png","width":120,"height":120,"caption":"andreas wening fotografie"},"image":{"@id":"http:\/\/www.wening-fotografie.de\/cms\/#\/schema\/logo\/image\/"},"sameAs":["https:\/\/www.facebook.com\/weningfotografie\/"]}]}},"_links":{"self":[{"href":"https:\/\/www.wening-fotografie.de\/cms\/wp-json\/wp\/v2\/pages\/1745","targetHints":{"allow":["GET"]}}],"collection":[{"href":"https:\/\/www.wening-fotografie.de\/cms\/wp-json\/wp\/v2\/pages"}],"about":[{"href":"https:\/\/www.wening-fotografie.de\/cms\/wp-json\/wp\/v2\/types\/page"}],"author":[{"embeddable":true,"href":"https:\/\/www.wening-fotografie.de\/cms\/wp-json\/wp\/v2\/users\/2"}],"replies":[{"embeddable":true,"href":"https:\/\/www.wening-fotografie.de\/cms\/wp-json\/wp\/v2\/comments?post=1745"}],"version-history":[{"count":7,"href":"https:\/\/www.wening-fotografie.de\/cms\/wp-json\/wp\/v2\/pages\/1745\/revisions"}],"predecessor-version":[{"id":1977,"href":"https:\/\/www.wening-fotografie.de\/cms\/wp-json\/wp\/v2\/pages\/1745\/revisions\/1977"}],"wp:attachment":[{"href":"https:\/\/www.wening-fotografie.de\/cms\/wp-json\/wp\/v2\/media?parent=1745"}],"curies":[{"name":"wp","href":"https:\/\/api.w.org\/{rel}","templated":true}]}}