{"id":1789,"date":"2015-12-21T21:41:06","date_gmt":"2015-12-21T21:41:06","guid":{"rendered":"http:\/\/www.wening-fotografie.de\/cms\/?page_id=1789"},"modified":"2023-03-02T15:25:33","modified_gmt":"2023-03-02T15:25:33","slug":"about-me","status":"publish","type":"page","link":"https:\/\/www.wening-fotografie.de\/cms\/about-me\/","title":{"rendered":"about me"},"content":{"rendered":"\n<style type=\"text\/css\" data-created_by=\"avia_inline_auto\" id=\"style-css-av-adjtr1-92ad01b1c740a6748d376dc0d2727ba1\">\n.flex_column.av-adjtr1-92ad01b1c740a6748d376dc0d2727ba1{\n-webkit-border-radius:0px 0px 0px 0px;\n-moz-border-radius:0px 0px 0px 0px;\nborder-radius:0px 0px 0px 0px;\n}\n<\/style>\n<div class='flex_column av-adjtr1-92ad01b1c740a6748d376dc0d2727ba1 av_one_fifth  avia-builder-el-0  el_before_av_two_fifth  avia-builder-el-first  first flex_column_div av-zero-column-padding '     ><style type=\"text\/css\" data-created_by=\"avia_inline_auto\" id=\"style-css-av-9wxtz1-cbb9f644892caa4a3df0c0bd6bea862c\">\n.avia-image-container.av-9wxtz1-cbb9f644892caa4a3df0c0bd6bea862c img.avia_image{\nbox-shadow:none;\n}\n.avia-image-container.av-9wxtz1-cbb9f644892caa4a3df0c0bd6bea862c .av-image-caption-overlay-center{\ncolor:#ffffff;\n}\n<\/style>\n<div  class='avia-image-container av-9wxtz1-cbb9f644892caa4a3df0c0bd6bea862c av-styling- av-hover-grow avia-align-center  avia-builder-el-1  avia-builder-el-no-sibling '   itemprop=\"image\" itemscope=\"itemscope\" itemtype=\"https:\/\/schema.org\/ImageObject\" ><div class=\"avia-image-container-inner\"><div class=\"avia-image-overlay-wrap\"><img decoding=\"async\" class='wp-image-644 avia-img-lazy-loading-not-644 avia_image ' src=\"https:\/\/www.wening-fotografie.de\/cms\/wp-content\/uploads\/2013\/02\/13-00017-2-200x300.jpg\" alt='' title='13-00017-2'  height=\"300\" width=\"200\"  itemprop=\"thumbnailUrl\" srcset=\"https:\/\/www.wening-fotografie.de\/cms\/wp-content\/uploads\/2013\/02\/13-00017-2-200x300.jpg 200w, https:\/\/www.wening-fotografie.de\/cms\/wp-content\/uploads\/2013\/02\/13-00017-2.jpg 320w\" sizes=\"(max-width: 200px) 100vw, 200px\" \/><\/div><\/div><\/div><\/div>\n\n<style type=\"text\/css\" data-created_by=\"avia_inline_auto\" id=\"style-css-av-7gkw31-2827aefaf48b47298d92e53372fe24ca\">\n.flex_column.av-7gkw31-2827aefaf48b47298d92e53372fe24ca{\n-webkit-border-radius:0px 0px 0px 0px;\n-moz-border-radius:0px 0px 0px 0px;\nborder-radius:0px 0px 0px 0px;\n}\n<\/style>\n<div class='flex_column av-7gkw31-2827aefaf48b47298d92e53372fe24ca av_two_fifth  avia-builder-el-2  el_after_av_one_fifth  el_before_av_two_fifth  flex_column_div av-zero-column-padding '     ><section  class='av_textblock_section av-683drh-5a3fe37e22619f7b2b4b82eab354b536'  itemscope=\"itemscope\" itemtype=\"https:\/\/schema.org\/CreativeWork\" ><div class='avia_textblock'  itemprop=\"text\" ><p style=\"text-align: justify;\"><span class=\"NormalTextRun SCX60455134\">Hallo, ich bin Andreas <\/span><span class=\"NormalTextRun SCX60455134\">und wohne in dem sch\u00f6nen 5-Seen-Gebiet zwischen M\u00fcnchen und Ammersee.<br \/>\n<\/span><span class=\"NormalTextRun SCX60455134\">Foto- und Videografie ist meine Leidenschaft bei der ich alles um mich herum vergessen und in eine aufregende, kreative Welt abtauchen kann. Mich reizt die Herausforderung zur richtigen Zeit am richtigen Ort zu sein, um stimmungsvolle und ansprechende Aufnahmen zu machen, voll konzentriert und mit Liebe zum Detail.<br \/>\nAuch bei der Nachbearbeitung gilt hinsichtlich der Motivauswahl, Farbe und Look ein gutes Auge und Fingerspitzengef\u00fchl zu zeigen. Richtig zufrieden bin ich jedoch erst, wenn meine Fotos\/Filme ihren Zweck erf\u00fcllen: sie sollen Euch emotional ber\u00fchren und Eure Events, Dienstleistungen oder Produkte unvergesslich machen.<br \/>\n<\/span><span class=\"NormalTextRun SCX60455134\">Wenn ich mal keine Kamera zur Hand habe findet Ihr mich auf dem Rad, einer Wandertour oder auch mal chillend auf der Couch. Ich mag sowohl eine warme Sommernacht mit einem Glas Wein zu genie\u00dfen als auch spannende Reisen in andere St\u00e4dte oder L\u00e4nder zu unternehmen.<\/span><\/p>\n<\/div><\/section><\/div>\n<style type=\"text\/css\" data-created_by=\"avia_inline_auto\" id=\"style-css-av-3koo2l-1bcd8f087f6961722b9e5518c9455bc2\">\n.flex_column.av-3koo2l-1bcd8f087f6961722b9e5518c9455bc2{\n-webkit-border-radius:0px 0px 0px 0px;\n-moz-border-radius:0px 0px 0px 0px;\nborder-radius:0px 0px 0px 0px;\n}\n<\/style>\n<div class='flex_column av-3koo2l-1bcd8f087f6961722b9e5518c9455bc2 av_two_fifth  avia-builder-el-4  el_after_av_two_fifth  avia-builder-el-last  flex_column_div av-zero-column-padding '     ><section  class='av_textblock_section av-27o1u5-80ea6a08103a093d125d2d3352af6756'  itemscope=\"itemscope\" itemtype=\"https:\/\/schema.org\/CreativeWork\" ><div class='avia_textblock'  itemprop=\"text\" ><p><span class=\"SpellingError SCX60455134\">Hello, I&#8217;m<\/span><span class=\"NormalTextRun SCX60455134\"> Andreas\u00a0<\/span><span class=\"SpellingError SCX60455134\">and<\/span><span class=\"NormalTextRun SCX60455134\"> live in <\/span><span class=\"SpellingError SCX60455134\">the<\/span> <span class=\"SpellingError SCX60455134\">wonderful<\/span><span class=\"NormalTextRun SCX60455134\"> 5 <\/span><span class=\"SpellingError SCX60455134\">lake<\/span> <span class=\"SpellingError SCX60455134\">area<\/span> <span class=\"SpellingError SCX60455134\">between<\/span> <span class=\"SpellingError SCX60455134\">Munich<\/span> <span class=\"SpellingError SCX60455134\">and<\/span><span class=\"NormalTextRun SCX60455134\"> Ammersee. Photo- and Videography is my <\/span><span class=\"SpellingError SCX60455134\">passion<\/span> <span class=\"SpellingError SCX60455134\">where<\/span><span class=\"NormalTextRun SCX60455134\"> I <\/span><span class=\"SpellingError SCX60455134\">can<\/span> <span class=\"SpellingError SCX60455134\">dive<\/span> <span class=\"SpellingError SCX60455134\">into<\/span><span class=\"NormalTextRun SCX60455134\"> an <\/span><span class=\"SpellingError SCX60455134\">exciting<\/span> <span class=\"SpellingError SCX60455134\">and<\/span> <span class=\"SpellingError SCX60455134\">creative<\/span> <span class=\"SpellingError SCX60455134\">world<\/span><span class=\"NormalTextRun SCX60455134\">. I like <\/span><span class=\"SpellingError SCX60455134\">the<\/span> <span class=\"SpellingError SCX60455134\">challenge<\/span> <span class=\"SpellingError SCX60455134\">to<\/span> <span class=\"SpellingError SCX60455134\">be<\/span> <span class=\"SpellingError SCX60455134\">right<\/span><span class=\"NormalTextRun SCX60455134\"> on time at <\/span><span class=\"SpellingError SCX60455134\">the<\/span> <span class=\"SpellingError SCX60455134\">right<\/span> <span class=\"SpellingError SCX60455134\">place to capture wonderful images,<\/span><span class=\"NormalTextRun SCX60455134\">\u00a0<\/span><span class=\"SpellingError SCX60455134\">concentrated<\/span> <span class=\"SpellingError SCX60455134\">and<\/span> <span class=\"SpellingError SCX60455134\">with<\/span> <span class=\"SpellingError SCX60455134\">passion<\/span> <span class=\"SpellingError SCX60455134\">to<\/span> <span class=\"SpellingError SCX60455134\">details<\/span><span class=\"NormalTextRun SCX60455134\">.<br \/>\nAlso <\/span><span class=\"SpellingError SCX60455134\">the<\/span> <span class=\"SpellingError SCX60455134\">editing<\/span>\u00a0process\u00a0<span class=\"SpellingError SCX60455134\">afterwards<\/span> <span class=\"SpellingError SCX60455134\">needs<\/span> <span class=\"SpellingError SCX60455134\">the<\/span> <span class=\"SpellingError SCX60455134\">right<\/span> <span class=\"SpellingError SCX60455134\">hand<\/span> <span class=\"SpellingError SCX60455134\">regarding<\/span> <span class=\"SpellingError SCX60455134\">selection<\/span><span class=\"NormalTextRun SCX60455134\">, <\/span><span class=\"SpellingError SCX60455134\">color<\/span> <span class=\"SpellingError SCX60455134\">and<\/span> <span class=\"SpellingError SCX60455134\">look<\/span><span class=\"NormalTextRun SCX60455134\">. At <\/span><span class=\"SpellingError SCX60455134\">the<\/span><span class=\"NormalTextRun SCX60455134\"> end <\/span><span class=\"SpellingError SCX60455134\">I&#8217;m<\/span><span class=\"NormalTextRun SCX60455134\"> happy <\/span><span class=\"SpellingError SCX60455134\">if<\/span> <span class=\"SpellingError SCX60455134\">my<\/span> <span class=\"SpellingError SCX60455134\">pictures\/films<\/span> <span class=\"SpellingError SCX60455134\">touch<\/span> <span class=\"SpellingError SCX60455134\">your<\/span> <span class=\"SpellingError SCX60455134\">feelings<\/span> <span class=\"SpellingError SCX60455134\">and<\/span> <span class=\"SpellingError SCX60455134\">make<\/span> your\u00a0<span class=\"SpellingError SCX60455134\">event, service or product<\/span>\u00a0<span class=\"SpellingError SCX60455134\">unforgettable<\/span><span class=\"NormalTextRun SCX60455134\">.<br \/>\n<\/span><span class=\"SpellingError SCX60455134\">When<\/span> <span class=\"SpellingError SCX60455134\">I&#8217;m<\/span> <span class=\"SpellingError SCX60455134\">without<\/span> <span class=\"SpellingError SCX60455134\">my<\/span> <span class=\"SpellingError SCX60455134\">camera<\/span> <span class=\"SpellingError SCX60455134\">you<\/span> <span class=\"SpellingError SCX60455134\">may<\/span><span class=\"NormalTextRun SCX60455134\"> find <\/span><span class=\"SpellingError SCX60455134\">me<\/span><span class=\"NormalTextRun SCX60455134\"> on <\/span><span class=\"SpellingError SCX60455134\">the<\/span><span class=\"NormalTextRun SCX60455134\"> bike, a <\/span><span class=\"SpellingError SCX60455134\">hike<\/span> <span class=\"SpellingError SCX60455134\">or<\/span> <span class=\"SpellingError SCX60455134\">chilling<\/span><span class=\"NormalTextRun SCX60455134\"> on <\/span><span class=\"SpellingError SCX60455134\">the<\/span> <span class=\"SpellingError SCX60455134\">couch<\/span><span class=\"NormalTextRun SCX60455134\">. I like a warm <\/span><span class=\"SpellingError SCX60455134\">summer<\/span> <span class=\"SpellingError SCX60455134\">night<\/span> <span class=\"SpellingError SCX60455134\">with<\/span><span class=\"NormalTextRun SCX60455134\"> a glas <\/span><span class=\"SpellingError SCX60455134\">of<\/span> <span class=\"SpellingError SCX60455134\">wine<\/span> <span class=\"SpellingError SCX60455134\">as<\/span> <span class=\"SpellingError SCX60455134\">well<\/span> <span class=\"SpellingError SCX60455134\">as<\/span> <span class=\"SpellingError SCX60455134\">traveling<\/span> <span class=\"SpellingError SCX60455134\">to<\/span> <span class=\"SpellingError SCX60455134\">other<\/span> <span class=\"SpellingError SCX60455134\">cities<\/span> <span class=\"SpellingError SCX60455134\">or<\/span><span class=\"NormalTextRun SCX60455134\"> countries.<\/span><\/p>\n<\/div><\/section><\/div><\/p>\n","protected":false},"excerpt":{"rendered":"","protected":false},"author":2,"featured_media":0,"parent":0,"menu_order":0,"comment_status":"closed","ping_status":"closed","template":"","meta":{"footnotes":""},"class_list":["post-1789","page","type-page","status-publish","hentry"],"yoast_head":"<!-- This site is optimized with the Yoast SEO plugin v27.1.1 - https:\/\/yoast.com\/product\/yoast-seo-wordpress\/ -->\n<title>about me - andreas wening fotografie<\/title>\n<meta name=\"description\" content=\"Moderne Hochzeits- und Portraitfotografie\" \/>\n<meta name=\"robots\" content=\"index, follow, max-snippet:-1, max-image-preview:large, max-video-preview:-1\" \/>\n<link rel=\"canonical\" href=\"https:\/\/www.wening-fotografie.de\/cms\/about-me\/\" \/>\n<meta property=\"og:locale\" content=\"en_US\" \/>\n<meta property=\"og:type\" content=\"article\" \/>\n<meta property=\"og:title\" content=\"about me - andreas wening fotografie\" \/>\n<meta property=\"og:description\" content=\"Moderne Hochzeits- und Portraitfotografie\" \/>\n<meta property=\"og:url\" content=\"https:\/\/www.wening-fotografie.de\/cms\/about-me\/\" \/>\n<meta property=\"og:site_name\" content=\"andreas wening fotografie\" \/>\n<meta property=\"article:publisher\" content=\"https:\/\/www.facebook.com\/weningfotografie\/\" \/>\n<meta property=\"article:modified_time\" content=\"2023-03-02T15:25:33+00:00\" \/>\n<meta property=\"og:image\" content=\"https:\/\/www.wening-fotografie.de\/cms\/wp-content\/uploads\/2015\/02\/slider_wedding_08.jpg\" \/>\n\t<meta property=\"og:image:width\" content=\"3779\" \/>\n\t<meta property=\"og:image:height\" content=\"1889\" \/>\n\t<meta property=\"og:image:type\" content=\"image\/jpeg\" \/>\n<meta name=\"twitter:label1\" content=\"Est. reading time\" \/>\n\t<meta name=\"twitter:data1\" content=\"2 minutes\" \/>\n<script type=\"application\/ld+json\" class=\"yoast-schema-graph\">{\"@context\":\"https:\/\/schema.org\",\"@graph\":[{\"@type\":\"WebPage\",\"@id\":\"https:\/\/www.wening-fotografie.de\/cms\/about-me\/\",\"url\":\"https:\/\/www.wening-fotografie.de\/cms\/about-me\/\",\"name\":\"about me - andreas wening fotografie\",\"isPartOf\":{\"@id\":\"http:\/\/www.wening-fotografie.de\/cms\/#website\"},\"datePublished\":\"2015-12-21T21:41:06+00:00\",\"dateModified\":\"2023-03-02T15:25:33+00:00\",\"description\":\"Moderne Hochzeits- und Portraitfotografie\",\"breadcrumb\":{\"@id\":\"https:\/\/www.wening-fotografie.de\/cms\/about-me\/#breadcrumb\"},\"inLanguage\":\"en-US\",\"potentialAction\":[{\"@type\":\"ReadAction\",\"target\":[\"https:\/\/www.wening-fotografie.de\/cms\/about-me\/\"]}]},{\"@type\":\"BreadcrumbList\",\"@id\":\"https:\/\/www.wening-fotografie.de\/cms\/about-me\/#breadcrumb\",\"itemListElement\":[{\"@type\":\"ListItem\",\"position\":1,\"name\":\"Home\",\"item\":\"https:\/\/www.wening-fotografie.de\/cms\/home\/\"},{\"@type\":\"ListItem\",\"position\":2,\"name\":\"about me\"}]},{\"@type\":\"WebSite\",\"@id\":\"http:\/\/www.wening-fotografie.de\/cms\/#website\",\"url\":\"http:\/\/www.wening-fotografie.de\/cms\/\",\"name\":\"andreas wening fotografie\",\"description\":\"wedding | portrait\",\"publisher\":{\"@id\":\"http:\/\/www.wening-fotografie.de\/cms\/#organization\"},\"potentialAction\":[{\"@type\":\"SearchAction\",\"target\":{\"@type\":\"EntryPoint\",\"urlTemplate\":\"http:\/\/www.wening-fotografie.de\/cms\/?s={search_term_string}\"},\"query-input\":{\"@type\":\"PropertyValueSpecification\",\"valueRequired\":true,\"valueName\":\"search_term_string\"}}],\"inLanguage\":\"en-US\"},{\"@type\":\"Organization\",\"@id\":\"http:\/\/www.wening-fotografie.de\/cms\/#organization\",\"name\":\"andreas wening fotografie\",\"url\":\"http:\/\/www.wening-fotografie.de\/cms\/\",\"logo\":{\"@type\":\"ImageObject\",\"inLanguage\":\"en-US\",\"@id\":\"http:\/\/www.wening-fotografie.de\/cms\/#\/schema\/logo\/image\/\",\"url\":\"http:\/\/www.wening-fotografie.de\/cms\/wp-content\/uploads\/2015\/10\/logo_fav_awf_120x120_red.png\",\"contentUrl\":\"http:\/\/www.wening-fotografie.de\/cms\/wp-content\/uploads\/2015\/10\/logo_fav_awf_120x120_red.png\",\"width\":120,\"height\":120,\"caption\":\"andreas wening fotografie\"},\"image\":{\"@id\":\"http:\/\/www.wening-fotografie.de\/cms\/#\/schema\/logo\/image\/\"},\"sameAs\":[\"https:\/\/www.facebook.com\/weningfotografie\/\"]}]}<\/script>\n<!-- \/ Yoast SEO plugin. -->","yoast_head_json":{"title":"about me - andreas wening fotografie","description":"Moderne Hochzeits- und Portraitfotografie","robots":{"index":"index","follow":"follow","max-snippet":"max-snippet:-1","max-image-preview":"max-image-preview:large","max-video-preview":"max-video-preview:-1"},"canonical":"https:\/\/www.wening-fotografie.de\/cms\/about-me\/","og_locale":"en_US","og_type":"article","og_title":"about me - andreas wening fotografie","og_description":"Moderne Hochzeits- und Portraitfotografie","og_url":"https:\/\/www.wening-fotografie.de\/cms\/about-me\/","og_site_name":"andreas wening fotografie","article_publisher":"https:\/\/www.facebook.com\/weningfotografie\/","article_modified_time":"2023-03-02T15:25:33+00:00","og_image":[{"width":3779,"height":1889,"url":"https:\/\/www.wening-fotografie.de\/cms\/wp-content\/uploads\/2015\/02\/slider_wedding_08.jpg","type":"image\/jpeg"}],"twitter_misc":{"Est. reading time":"2 minutes"},"schema":{"@context":"https:\/\/schema.org","@graph":[{"@type":"WebPage","@id":"https:\/\/www.wening-fotografie.de\/cms\/about-me\/","url":"https:\/\/www.wening-fotografie.de\/cms\/about-me\/","name":"about me - andreas wening fotografie","isPartOf":{"@id":"http:\/\/www.wening-fotografie.de\/cms\/#website"},"datePublished":"2015-12-21T21:41:06+00:00","dateModified":"2023-03-02T15:25:33+00:00","description":"Moderne Hochzeits- und Portraitfotografie","breadcrumb":{"@id":"https:\/\/www.wening-fotografie.de\/cms\/about-me\/#breadcrumb"},"inLanguage":"en-US","potentialAction":[{"@type":"ReadAction","target":["https:\/\/www.wening-fotografie.de\/cms\/about-me\/"]}]},{"@type":"BreadcrumbList","@id":"https:\/\/www.wening-fotografie.de\/cms\/about-me\/#breadcrumb","itemListElement":[{"@type":"ListItem","position":1,"name":"Home","item":"https:\/\/www.wening-fotografie.de\/cms\/home\/"},{"@type":"ListItem","position":2,"name":"about me"}]},{"@type":"WebSite","@id":"http:\/\/www.wening-fotografie.de\/cms\/#website","url":"http:\/\/www.wening-fotografie.de\/cms\/","name":"andreas wening fotografie","description":"wedding | portrait","publisher":{"@id":"http:\/\/www.wening-fotografie.de\/cms\/#organization"},"potentialAction":[{"@type":"SearchAction","target":{"@type":"EntryPoint","urlTemplate":"http:\/\/www.wening-fotografie.de\/cms\/?s={search_term_string}"},"query-input":{"@type":"PropertyValueSpecification","valueRequired":true,"valueName":"search_term_string"}}],"inLanguage":"en-US"},{"@type":"Organization","@id":"http:\/\/www.wening-fotografie.de\/cms\/#organization","name":"andreas wening fotografie","url":"http:\/\/www.wening-fotografie.de\/cms\/","logo":{"@type":"ImageObject","inLanguage":"en-US","@id":"http:\/\/www.wening-fotografie.de\/cms\/#\/schema\/logo\/image\/","url":"http:\/\/www.wening-fotografie.de\/cms\/wp-content\/uploads\/2015\/10\/logo_fav_awf_120x120_red.png","contentUrl":"http:\/\/www.wening-fotografie.de\/cms\/wp-content\/uploads\/2015\/10\/logo_fav_awf_120x120_red.png","width":120,"height":120,"caption":"andreas wening fotografie"},"image":{"@id":"http:\/\/www.wening-fotografie.de\/cms\/#\/schema\/logo\/image\/"},"sameAs":["https:\/\/www.facebook.com\/weningfotografie\/"]}]}},"_links":{"self":[{"href":"https:\/\/www.wening-fotografie.de\/cms\/wp-json\/wp\/v2\/pages\/1789","targetHints":{"allow":["GET"]}}],"collection":[{"href":"https:\/\/www.wening-fotografie.de\/cms\/wp-json\/wp\/v2\/pages"}],"about":[{"href":"https:\/\/www.wening-fotografie.de\/cms\/wp-json\/wp\/v2\/types\/page"}],"author":[{"embeddable":true,"href":"https:\/\/www.wening-fotografie.de\/cms\/wp-json\/wp\/v2\/users\/2"}],"replies":[{"embeddable":true,"href":"https:\/\/www.wening-fotografie.de\/cms\/wp-json\/wp\/v2\/comments?post=1789"}],"version-history":[{"count":8,"href":"https:\/\/www.wening-fotografie.de\/cms\/wp-json\/wp\/v2\/pages\/1789\/revisions"}],"predecessor-version":[{"id":2107,"href":"https:\/\/www.wening-fotografie.de\/cms\/wp-json\/wp\/v2\/pages\/1789\/revisions\/2107"}],"wp:attachment":[{"href":"https:\/\/www.wening-fotografie.de\/cms\/wp-json\/wp\/v2\/media?parent=1789"}],"curies":[{"name":"wp","href":"https:\/\/api.w.org\/{rel}","templated":true}]}}